{"id":932,"date":"2010-02-07T19:12:04","date_gmt":"2010-02-07T17:12:04","guid":{"rendered":"http:\/\/ljepota.covermagazin.com\/?page_id=932"},"modified":"2010-02-07T19:12:04","modified_gmt":"2010-02-07T17:12:04","slug":"vitamin-a","status":"publish","type":"page","link":"https:\/\/ljepota.covermagazin.com\/?page_id=932","title":{"rendered":"Vitamin A"},"content":{"rendered":"<p>Vitamin A \u2013 vitamin koji je va\u017ean za dobar vid, zdravu ko\u017eu, kosu i sluznice grla, nosa, di\u0161nog i probavnog sustava. Potreban je i za pravilan rast i razvoj kosti i zuba. Nalazi se u naran\u010di, te \u017eutom vo\u0107u i povr\u0107u, tako\u0111er u tamnozelenom lisnatom povr\u0107u (npr.kelj), vrhnju, maslacu te punomasnom mlijeku.<\/p>\n","protected":false},"excerpt":{"rendered":"<p>Vitamin A \u2013 vitamin koji je va\u017ean za dobar vid, zdravu ko\u017eu, kosu i sluznice grla, nosa, di\u0161nog i probavnog sustava. Potreban je i za pravilan rast i razvoj kosti i zuba. Nalazi se u naran\u010di, te \u017eutom vo\u0107u i povr\u0107u, tako\u0111er u tamnozelenom lisnatom povr\u0107u (npr.kelj), vrhnju, maslacu te punomasnom mlijeku.<\/p>\n","protected":false},"author":1,"featured_media":0,"parent":751,"menu_order":0,"comment_status":"open","ping_status":"open","template":"","meta":{"footnotes":""},"class_list":["post-932","page","type-page","status-publish","hentry"],"_links":{"self":[{"href":"https:\/\/ljepota.covermagazin.com\/index.php?rest_route=\/wp\/v2\/pages\/932","targetHints":{"allow":["GET"]}}],"collection":[{"href":"https:\/\/ljepota.covermagazin.com\/index.php?rest_route=\/wp\/v2\/pages"}],"about":[{"href":"https:\/\/ljepota.covermagazin.com\/index.php?rest_route=\/wp\/v2\/types\/page"}],"author":[{"embeddable":true,"href":"https:\/\/ljepota.covermagazin.com\/index.php?rest_route=\/wp\/v2\/users\/1"}],"replies":[{"embeddable":true,"href":"https:\/\/ljepota.covermagazin.com\/index.php?rest_route=%2Fwp%2Fv2%2Fcomments&post=932"}],"version-history":[{"count":1,"href":"https:\/\/ljepota.covermagazin.com\/index.php?rest_route=\/wp\/v2\/pages\/932\/revisions"}],"predecessor-version":[{"id":933,"href":"https:\/\/ljepota.covermagazin.com\/index.php?rest_route=\/wp\/v2\/pages\/932\/revisions\/933"}],"up":[{"embeddable":true,"href":"https:\/\/ljepota.covermagazin.com\/index.php?rest_route=\/wp\/v2\/pages\/751"}],"wp:attachment":[{"href":"https:\/\/ljepota.covermagazin.com\/index.php?rest_route=%2Fwp%2Fv2%2Fmedia&parent=932"}],"curies":[{"name":"wp","href":"https:\/\/api.w.org\/{rel}","templated":true}]}}