{"id":938,"date":"2010-02-07T19:13:25","date_gmt":"2010-02-07T17:13:25","guid":{"rendered":"http:\/\/ljepota.covermagazin.com\/?page_id=938"},"modified":"2010-02-07T19:13:25","modified_gmt":"2010-02-07T17:13:25","slug":"vitamin-e","status":"publish","type":"page","link":"https:\/\/ljepota.covermagazin.com\/?page_id=938","title":{"rendered":"Vitamin E"},"content":{"rendered":"<p>Vitamin E &#8211; vrlo va\u017ean za rad imunolo\u0161kog sustava, endokrinog sustava i spolnih \u017elijezda. Sna\u017ean je antioksidant pa spre\u010dava nestabilne molekule da o\u0161te\u0107uju stanice i tkiva. \u0160titi od ateroskleroze, ubrzava zacjeljivanje rana, \u0161titi plu\u0107no tkivo od zaga\u0111enih tvari iz zraka, mo\u017ee smanjiti opasnost od sr\u010danih bolesti i sprije\u010diti prerano starenje ko\u017ee. Nalazi se u: biljnim uljima, orasima, tamnozelenom lisnatom povr\u0107u, plodovima mora, iznutricama, jajima i avokadu.<\/p>\n","protected":false},"excerpt":{"rendered":"<p>Vitamin E &#8211; vrlo va\u017ean za rad imunolo\u0161kog sustava, endokrinog sustava i spolnih \u017elijezda. Sna\u017ean je antioksidant pa spre\u010dava nestabilne molekule da o\u0161te\u0107uju stanice i tkiva. \u0160titi od ateroskleroze, ubrzava zacjeljivanje rana, \u0161titi plu\u0107no tkivo od zaga\u0111enih tvari iz zraka, mo\u017ee smanjiti opasnost od sr\u010danih bolesti i sprije\u010diti prerano starenje ko\u017ee. Nalazi se u: biljnim [&hellip;]<\/p>\n","protected":false},"author":1,"featured_media":0,"parent":751,"menu_order":0,"comment_status":"open","ping_status":"open","template":"","meta":{"footnotes":""},"class_list":["post-938","page","type-page","status-publish","hentry"],"_links":{"self":[{"href":"https:\/\/ljepota.covermagazin.com\/index.php?rest_route=\/wp\/v2\/pages\/938","targetHints":{"allow":["GET"]}}],"collection":[{"href":"https:\/\/ljepota.covermagazin.com\/index.php?rest_route=\/wp\/v2\/pages"}],"about":[{"href":"https:\/\/ljepota.covermagazin.com\/index.php?rest_route=\/wp\/v2\/types\/page"}],"author":[{"embeddable":true,"href":"https:\/\/ljepota.covermagazin.com\/index.php?rest_route=\/wp\/v2\/users\/1"}],"replies":[{"embeddable":true,"href":"https:\/\/ljepota.covermagazin.com\/index.php?rest_route=%2Fwp%2Fv2%2Fcomments&post=938"}],"version-history":[{"count":1,"href":"https:\/\/ljepota.covermagazin.com\/index.php?rest_route=\/wp\/v2\/pages\/938\/revisions"}],"predecessor-version":[{"id":939,"href":"https:\/\/ljepota.covermagazin.com\/index.php?rest_route=\/wp\/v2\/pages\/938\/revisions\/939"}],"up":[{"embeddable":true,"href":"https:\/\/ljepota.covermagazin.com\/index.php?rest_route=\/wp\/v2\/pages\/751"}],"wp:attachment":[{"href":"https:\/\/ljepota.covermagazin.com\/index.php?rest_route=%2Fwp%2Fv2%2Fmedia&parent=938"}],"curies":[{"name":"wp","href":"https:\/\/api.w.org\/{rel}","templated":true}]}}